{"id":305,"date":"2024-01-11T23:23:25","date_gmt":"2024-01-11T20:23:25","guid":{"rendered":"http:\/\/medart.md\/contacte\/"},"modified":"2024-04-01T00:48:48","modified_gmt":"2024-03-31T21:48:48","slug":"contacte","status":"publish","type":"page","link":"https:\/\/medart.md\/ru\/contacte\/","title":{"rendered":"\u041a\u043e\u043d\u0442\u0430\u043a\u0442\u044b"},"content":{"rendered":"\n<h2 class=\"wp-block-heading\">\u0417\u0430\u043f\u043b\u0430\u043d\u0438\u0440\u0443\u0439\u0442\u0435 \u0441\u0432\u043e\u0439 \u0432\u0438\u0437\u0438\u0442 \u0432 Medart \u0434\u043b\u044f \u043f\u043e\u043b\u043d\u043e\u0433\u043e \u0443\u0445\u043e\u0434\u0430 \u0437\u0430 \u0432\u0430\u0448\u0438\u043c \u0437\u0434\u043e\u0440\u043e\u0432\u044c\u0435\u043c!!<\/h2>\n\n\n\n<div class=\"wp-block-group\"><div class=\"wp-block-group__inner-container is-layout-constrained wp-block-group-is-layout-constrained\">\n<h4 class=\"wp-block-heading\">\u0410\u0434\u0440\u0435\u0441 \u043a\u043b\u0438\u043d\u0438\u043a\u0438:<\/h4>\n\n\n\n<p>\u0443\u043b. \u0410\u043a\u0430\u0434\u0435\u043c\u0438\u043a\u0430 \u041d\u0430\u0442\u0430\u043b\u044c\u0438 \u0413\u0435\u043e\u0440\u0433\u0438\u0443 30, \u041a\u0438\u0448\u0438\u043d\u0435\u0432<\/p>\n<\/div><\/div>\n\n\n\n<div class=\"wp-block-group\"><div class=\"wp-block-group__inner-container is-layout-constrained wp-block-group-is-layout-constrained\">\n<h4 class=\"wp-block-heading\">\u0427\u0430\u0441\u044b \u0440\u0430\u0431\u043e\u0442\u044b:<\/h4>\n\n\n\n<ol class=\"working-hours wp-block-list\">\n<li><span>\u041f\u043e\u043d\u0435\u0434\u0435\u043b\u044c\u043d\u0438\u043a &#8212; \u041f\u044f\u0442\u043d\u0438\u0446\u0430:<\/span> <span>08:00 &#8212; 20:00<\/span><\/li>\n\n\n\n<li><span>\u0421\u0443\u0431\u0431\u043e\u0442\u0430:<\/span> <span>09:00 &#8212; 15:00<\/span><\/li>\n<\/ol>\n<\/div><\/div>\n\n\n\n<div class=\"wp-block-columns is-layout-flex wp-container-core-columns-is-layout-9d6595d7 wp-block-columns-is-layout-flex\">\n<div class=\"wp-block-column is-layout-flow wp-block-column-is-layout-flow\" style=\"flex-basis:33.33%\">\n<div class=\"wp-block-group\"><div class=\"wp-block-group__inner-container is-layout-constrained wp-block-group-is-layout-constrained\">\n<h4 class=\"wp-block-heading\">\u041d\u0430\u043f\u0438\u0448\u0438\u0442\u0435 \u043d\u0430\u043c:<\/h4>\n\n\n\n<p><a href=\"mailto:info@medart.md\">info@medart.md<\/a><\/p>\n<\/div><\/div>\n<\/div>\n\n\n\n<div class=\"wp-block-column is-layout-flow wp-block-column-is-layout-flow\" style=\"flex-basis:66.66%\">\n<div class=\"wp-block-group\"><div class=\"wp-block-group__inner-container is-layout-constrained wp-block-group-is-layout-constrained\">\n<h4 class=\"wp-block-heading\">C\u0432\u044f\u0436\u0438\u0442\u0435\u0441\u044c \u0441 \u043d\u0430\u043c\u0438 \u043f\u043e \u0442\u0435\u043b\u0435\u0444\u043e\u043d\u0443::<\/h4>\n\n\n\n<p><a href=\"tel:079223311\">079 22 33 11<\/a><\/p>\n<\/div><\/div>\n<\/div>\n<\/div>\n","protected":false},"excerpt":{"rendered":"<p>\u0417\u0430\u043f\u043b\u0430\u043d\u0438\u0440\u0443\u0439\u0442\u0435 \u0441\u0432\u043e\u0439 \u0432\u0438\u0437\u0438\u0442 \u0432 Medart \u0434\u043b\u044f \u043f\u043e\u043b\u043d\u043e\u0433\u043e \u0443\u0445\u043e\u0434\u0430 \u0437\u0430 \u0432\u0430\u0448\u0438\u043c \u0437\u0434\u043e\u0440\u043e\u0432\u044c\u0435\u043c!! \u0410\u0434\u0440\u0435\u0441 \u043a\u043b\u0438\u043d\u0438\u043a\u0438: \u0443\u043b. \u0410\u043a\u0430\u0434\u0435\u043c\u0438\u043a\u0430 \u041d\u0430\u0442\u0430\u043b\u044c\u0438 \u0413\u0435\u043e\u0440\u0433\u0438\u0443 30, \u041a\u0438\u0448\u0438\u043d\u0435\u0432 \u0427\u0430\u0441\u044b \u0440\u0430\u0431\u043e\u0442\u044b: \u041d\u0430\u043f\u0438\u0448\u0438\u0442\u0435 \u043d\u0430\u043c: info@medart.md C\u0432\u044f\u0436\u0438\u0442\u0435\u0441\u044c \u0441 \u043d\u0430\u043c\u0438 \u043f\u043e \u0442\u0435\u043b\u0435\u0444\u043e\u043d\u0443:: 079 22 33 11<\/p>\n","protected":false},"author":1,"featured_media":339,"parent":0,"menu_order":0,"comment_status":"closed","ping_status":"closed","template":"templates\/contacts.php","meta":{"footnotes":""},"class_list":["post-305","page","type-page","status-publish","has-post-thumbnail","hentry"],"acf":[],"yoast_head":"<!-- This site is optimized with the Yoast SEO plugin v22.5 - https:\/\/yoast.com\/wordpress\/plugins\/seo\/ -->\n<title>\u041a\u043e\u043d\u0442\u0430\u043a\u0442\u044b | Medart<\/title>\n<meta name=\"robots\" content=\"index, follow, max-snippet:-1, max-image-preview:large, max-video-preview:-1\" \/>\n<link rel=\"canonical\" href=\"https:\/\/medart.md\/ru\/contacte\/\" \/>\n<meta property=\"og:locale\" content=\"ru_RU\" \/>\n<meta property=\"og:type\" content=\"article\" \/>\n<meta property=\"og:title\" content=\"\u041a\u043e\u043d\u0442\u0430\u043a\u0442\u044b | Medart\" \/>\n<meta property=\"og:description\" content=\"\u0417\u0430\u043f\u043b\u0430\u043d\u0438\u0440\u0443\u0439\u0442\u0435 \u0441\u0432\u043e\u0439 \u0432\u0438\u0437\u0438\u0442 \u0432 Medart \u0434\u043b\u044f \u043f\u043e\u043b\u043d\u043e\u0433\u043e \u0443\u0445\u043e\u0434\u0430 \u0437\u0430 \u0432\u0430\u0448\u0438\u043c \u0437\u0434\u043e\u0440\u043e\u0432\u044c\u0435\u043c!! \u0410\u0434\u0440\u0435\u0441 \u043a\u043b\u0438\u043d\u0438\u043a\u0438: \u0443\u043b. \u0410\u043a\u0430\u0434\u0435\u043c\u0438\u043a\u0430 \u041d\u0430\u0442\u0430\u043b\u044c\u0438 \u0413\u0435\u043e\u0440\u0433\u0438\u0443 30, \u041a\u0438\u0448\u0438\u043d\u0435\u0432 \u0427\u0430\u0441\u044b \u0440\u0430\u0431\u043e\u0442\u044b: \u041d\u0430\u043f\u0438\u0448\u0438\u0442\u0435 \u043d\u0430\u043c: info@medart.md C\u0432\u044f\u0436\u0438\u0442\u0435\u0441\u044c \u0441 \u043d\u0430\u043c\u0438 \u043f\u043e \u0442\u0435\u043b\u0435\u0444\u043e\u043d\u0443:: 079 22 33 11\" \/>\n<meta property=\"og:url\" content=\"https:\/\/medart.md\/ru\/contacte\/\" \/>\n<meta property=\"og:site_name\" content=\"Medart\" \/>\n<meta property=\"article:modified_time\" content=\"2024-03-31T21:48:48+00:00\" \/>\n<meta property=\"og:image\" content=\"https:\/\/medart.md\/wp-content\/uploads\/2024\/01\/medart_clinic-1.jpg\" \/>\n\t<meta property=\"og:image:width\" content=\"1600\" \/>\n\t<meta property=\"og:image:height\" content=\"1067\" \/>\n\t<meta property=\"og:image:type\" content=\"image\/jpeg\" \/>\n<meta name=\"twitter:card\" content=\"summary_large_image\" \/>\n<meta name=\"twitter:label1\" content=\"\u041f\u0440\u0438\u043c\u0435\u0440\u043d\u043e\u0435 \u0432\u0440\u0435\u043c\u044f \u0434\u043b\u044f \u0447\u0442\u0435\u043d\u0438\u044f\" \/>\n\t<meta name=\"twitter:data1\" content=\"1 \u043c\u0438\u043d\u0443\u0442\u0430\" \/>\n<script type=\"application\/ld+json\" class=\"yoast-schema-graph\">{\"@context\":\"https:\/\/schema.org\",\"@graph\":[{\"@type\":\"WebPage\",\"@id\":\"https:\/\/medart.md\/ru\/contacte\/\",\"url\":\"https:\/\/medart.md\/ru\/contacte\/\",\"name\":\"\u041a\u043e\u043d\u0442\u0430\u043a\u0442\u044b | Medart\",\"isPartOf\":{\"@id\":\"https:\/\/medart.md\/ru\/#website\"},\"primaryImageOfPage\":{\"@id\":\"https:\/\/medart.md\/ru\/contacte\/#primaryimage\"},\"image\":{\"@id\":\"https:\/\/medart.md\/ru\/contacte\/#primaryimage\"},\"thumbnailUrl\":\"https:\/\/medart.md\/wp-content\/uploads\/2024\/01\/medart_clinic-1.jpg\",\"datePublished\":\"2024-01-11T20:23:25+00:00\",\"dateModified\":\"2024-03-31T21:48:48+00:00\",\"breadcrumb\":{\"@id\":\"https:\/\/medart.md\/ru\/contacte\/#breadcrumb\"},\"inLanguage\":\"ru-RU\",\"potentialAction\":[{\"@type\":\"ReadAction\",\"target\":[\"https:\/\/medart.md\/ru\/contacte\/\"]}]},{\"@type\":\"ImageObject\",\"inLanguage\":\"ru-RU\",\"@id\":\"https:\/\/medart.md\/ru\/contacte\/#primaryimage\",\"url\":\"https:\/\/medart.md\/wp-content\/uploads\/2024\/01\/medart_clinic-1.jpg\",\"contentUrl\":\"https:\/\/medart.md\/wp-content\/uploads\/2024\/01\/medart_clinic-1.jpg\",\"width\":1600,\"height\":1067},{\"@type\":\"BreadcrumbList\",\"@id\":\"https:\/\/medart.md\/ru\/contacte\/#breadcrumb\",\"itemListElement\":[{\"@type\":\"ListItem\",\"position\":1,\"name\":\"Prima pagin\u0103\",\"item\":\"https:\/\/medart.md\/ru\/\"},{\"@type\":\"ListItem\",\"position\":2,\"name\":\"\u041a\u043e\u043d\u0442\u0430\u043a\u0442\u044b\"}]},{\"@type\":\"WebSite\",\"@id\":\"https:\/\/medart.md\/ru\/#website\",\"url\":\"https:\/\/medart.md\/ru\/\",\"name\":\"Medart\",\"description\":\"S\u0103n\u0103tatea ta - Misiunea noastr\u0103!\",\"publisher\":{\"@id\":\"https:\/\/medart.md\/ru\/#organization\"},\"potentialAction\":[{\"@type\":\"SearchAction\",\"target\":{\"@type\":\"EntryPoint\",\"urlTemplate\":\"https:\/\/medart.md\/ru\/?s={search_term_string}\"},\"query-input\":\"required name=search_term_string\"}],\"inLanguage\":\"ru-RU\"},{\"@type\":\"Organization\",\"@id\":\"https:\/\/medart.md\/ru\/#organization\",\"name\":\"Medart\",\"url\":\"https:\/\/medart.md\/ru\/\",\"logo\":{\"@type\":\"ImageObject\",\"inLanguage\":\"ru-RU\",\"@id\":\"https:\/\/medart.md\/ru\/#\/schema\/logo\/image\/\",\"url\":\"https:\/\/medart.md\/wp-content\/uploads\/2024\/01\/main-logo.png\",\"contentUrl\":\"https:\/\/medart.md\/wp-content\/uploads\/2024\/01\/main-logo.png\",\"width\":374,\"height\":141,\"caption\":\"Medart\"},\"image\":{\"@id\":\"https:\/\/medart.md\/ru\/#\/schema\/logo\/image\/\"}}]}<\/script>\n<!-- \/ Yoast SEO plugin. -->","yoast_head_json":{"title":"\u041a\u043e\u043d\u0442\u0430\u043a\u0442\u044b | Medart","robots":{"index":"index","follow":"follow","max-snippet":"max-snippet:-1","max-image-preview":"max-image-preview:large","max-video-preview":"max-video-preview:-1"},"canonical":"https:\/\/medart.md\/ru\/contacte\/","og_locale":"ru_RU","og_type":"article","og_title":"\u041a\u043e\u043d\u0442\u0430\u043a\u0442\u044b | Medart","og_description":"\u0417\u0430\u043f\u043b\u0430\u043d\u0438\u0440\u0443\u0439\u0442\u0435 \u0441\u0432\u043e\u0439 \u0432\u0438\u0437\u0438\u0442 \u0432 Medart \u0434\u043b\u044f \u043f\u043e\u043b\u043d\u043e\u0433\u043e \u0443\u0445\u043e\u0434\u0430 \u0437\u0430 \u0432\u0430\u0448\u0438\u043c \u0437\u0434\u043e\u0440\u043e\u0432\u044c\u0435\u043c!! \u0410\u0434\u0440\u0435\u0441 \u043a\u043b\u0438\u043d\u0438\u043a\u0438: \u0443\u043b. \u0410\u043a\u0430\u0434\u0435\u043c\u0438\u043a\u0430 \u041d\u0430\u0442\u0430\u043b\u044c\u0438 \u0413\u0435\u043e\u0440\u0433\u0438\u0443 30, \u041a\u0438\u0448\u0438\u043d\u0435\u0432 \u0427\u0430\u0441\u044b \u0440\u0430\u0431\u043e\u0442\u044b: \u041d\u0430\u043f\u0438\u0448\u0438\u0442\u0435 \u043d\u0430\u043c: info@medart.md C\u0432\u044f\u0436\u0438\u0442\u0435\u0441\u044c \u0441 \u043d\u0430\u043c\u0438 \u043f\u043e \u0442\u0435\u043b\u0435\u0444\u043e\u043d\u0443:: 079 22 33 11","og_url":"https:\/\/medart.md\/ru\/contacte\/","og_site_name":"Medart","article_modified_time":"2024-03-31T21:48:48+00:00","og_image":[{"width":1600,"height":1067,"url":"https:\/\/medart.md\/wp-content\/uploads\/2024\/01\/medart_clinic-1.jpg","type":"image\/jpeg"}],"twitter_card":"summary_large_image","twitter_misc":{"\u041f\u0440\u0438\u043c\u0435\u0440\u043d\u043e\u0435 \u0432\u0440\u0435\u043c\u044f \u0434\u043b\u044f \u0447\u0442\u0435\u043d\u0438\u044f":"1 \u043c\u0438\u043d\u0443\u0442\u0430"},"schema":{"@context":"https:\/\/schema.org","@graph":[{"@type":"WebPage","@id":"https:\/\/medart.md\/ru\/contacte\/","url":"https:\/\/medart.md\/ru\/contacte\/","name":"\u041a\u043e\u043d\u0442\u0430\u043a\u0442\u044b | Medart","isPartOf":{"@id":"https:\/\/medart.md\/ru\/#website"},"primaryImageOfPage":{"@id":"https:\/\/medart.md\/ru\/contacte\/#primaryimage"},"image":{"@id":"https:\/\/medart.md\/ru\/contacte\/#primaryimage"},"thumbnailUrl":"https:\/\/medart.md\/wp-content\/uploads\/2024\/01\/medart_clinic-1.jpg","datePublished":"2024-01-11T20:23:25+00:00","dateModified":"2024-03-31T21:48:48+00:00","breadcrumb":{"@id":"https:\/\/medart.md\/ru\/contacte\/#breadcrumb"},"inLanguage":"ru-RU","potentialAction":[{"@type":"ReadAction","target":["https:\/\/medart.md\/ru\/contacte\/"]}]},{"@type":"ImageObject","inLanguage":"ru-RU","@id":"https:\/\/medart.md\/ru\/contacte\/#primaryimage","url":"https:\/\/medart.md\/wp-content\/uploads\/2024\/01\/medart_clinic-1.jpg","contentUrl":"https:\/\/medart.md\/wp-content\/uploads\/2024\/01\/medart_clinic-1.jpg","width":1600,"height":1067},{"@type":"BreadcrumbList","@id":"https:\/\/medart.md\/ru\/contacte\/#breadcrumb","itemListElement":[{"@type":"ListItem","position":1,"name":"Prima pagin\u0103","item":"https:\/\/medart.md\/ru\/"},{"@type":"ListItem","position":2,"name":"\u041a\u043e\u043d\u0442\u0430\u043a\u0442\u044b"}]},{"@type":"WebSite","@id":"https:\/\/medart.md\/ru\/#website","url":"https:\/\/medart.md\/ru\/","name":"Medart","description":"S\u0103n\u0103tatea ta - Misiunea noastr\u0103!","publisher":{"@id":"https:\/\/medart.md\/ru\/#organization"},"potentialAction":[{"@type":"SearchAction","target":{"@type":"EntryPoint","urlTemplate":"https:\/\/medart.md\/ru\/?s={search_term_string}"},"query-input":"required name=search_term_string"}],"inLanguage":"ru-RU"},{"@type":"Organization","@id":"https:\/\/medart.md\/ru\/#organization","name":"Medart","url":"https:\/\/medart.md\/ru\/","logo":{"@type":"ImageObject","inLanguage":"ru-RU","@id":"https:\/\/medart.md\/ru\/#\/schema\/logo\/image\/","url":"https:\/\/medart.md\/wp-content\/uploads\/2024\/01\/main-logo.png","contentUrl":"https:\/\/medart.md\/wp-content\/uploads\/2024\/01\/main-logo.png","width":374,"height":141,"caption":"Medart"},"image":{"@id":"https:\/\/medart.md\/ru\/#\/schema\/logo\/image\/"}}]}},"_links":{"self":[{"href":"https:\/\/medart.md\/ru\/wp-json\/wp\/v2\/pages\/305","targetHints":{"allow":["GET"]}}],"collection":[{"href":"https:\/\/medart.md\/ru\/wp-json\/wp\/v2\/pages"}],"about":[{"href":"https:\/\/medart.md\/ru\/wp-json\/wp\/v2\/types\/page"}],"author":[{"embeddable":true,"href":"https:\/\/medart.md\/ru\/wp-json\/wp\/v2\/users\/1"}],"replies":[{"embeddable":true,"href":"https:\/\/medart.md\/ru\/wp-json\/wp\/v2\/comments?post=305"}],"version-history":[{"count":4,"href":"https:\/\/medart.md\/ru\/wp-json\/wp\/v2\/pages\/305\/revisions"}],"predecessor-version":[{"id":511,"href":"https:\/\/medart.md\/ru\/wp-json\/wp\/v2\/pages\/305\/revisions\/511"}],"wp:featuredmedia":[{"embeddable":true,"href":"https:\/\/medart.md\/ru\/wp-json\/wp\/v2\/media\/339"}],"wp:attachment":[{"href":"https:\/\/medart.md\/ru\/wp-json\/wp\/v2\/media?parent=305"}],"curies":[{"name":"wp","href":"https:\/\/api.w.org\/{rel}","templated":true}]}}